{"id":10559,"date":"2026-01-22T09:42:18","date_gmt":"2026-01-22T08:42:18","guid":{"rendered":"https:\/\/moldbrothers.com\/?page_id=10559"},"modified":"2026-01-22T09:57:54","modified_gmt":"2026-01-22T08:57:54","slug":"nouvelles-inspiration","status":"publish","type":"page","link":"https:\/\/moldbrothers.com\/fr\/nouvelles-inspiration\/","title":{"rendered":"Nouvelles et inspiration"},"content":{"rendered":"<div data-elementor-type=\"wp-page\" data-elementor-id=\"10559\" class=\"elementor elementor-10559\" data-elementor-post-type=\"page\">\n\t\t\t\t<div class=\"elementor-element elementor-element-321c08c e-flex e-con-boxed e-con e-parent\" data-id=\"321c08c\" data-element_type=\"container\" data-settings=\"{&quot;jet_parallax_layout_list&quot;:[]}\">\n\t\t\t\t\t<div class=\"e-con-inner\">\n\t\t\t\t<div class=\"elementor-element elementor-element-1ed724c elementor-invisible elementor-widget elementor-widget-heading\" data-id=\"1ed724c\" data-element_type=\"widget\" data-settings=\"{&quot;_animation&quot;:&quot;fadeInUp&quot;,&quot;_animation_delay&quot;:30}\" data-widget_type=\"heading.default\">\n\t\t\t\t<div class=\"elementor-widget-container\">\n\t\t\t\t\t<h2 class=\"elementor-heading-title elementor-size-default\">Nouvelles et inspiration<\/h2>\t\t\t\t<\/div>\n\t\t\t\t<\/div>\n\t\t\t\t<div class=\"elementor-element elementor-element-108c387 elementor-widget elementor-widget-ucaddon_post_magazine_grid\" data-id=\"108c387\" data-element_type=\"widget\" data-widget_type=\"ucaddon_post_magazine_grid.default\">\n\t\t\t\t<div class=\"elementor-widget-container\">\n\t\t\t\t\t\n<!-- start Post Magazine Grid -->\n\t\t<link id='font-awesome-css' href='https:\/\/moldbrothers.com\/wp-content\/plugins\/unlimited-elements-for-elementor-premium\/assets_libraries\/font-awesome6\/fontawesome-all.min.css' type='text\/css' rel='stylesheet' >\n\t\t<link id='font-awesome-4-shim-css' href='https:\/\/moldbrothers.com\/wp-content\/plugins\/unlimited-elements-for-elementor-premium\/assets_libraries\/font-awesome6\/fontawesome-v4-shims.min.css' type='text\/css' rel='stylesheet' >\n\n<style>\/* widget: Post Magazine Grid *\/\n\n\r\n@keyframes uc_post_magazine_grid_elementor_108c387__item-animation {\r\n  0% {\r\n            \r\n        \t        \tfilter: blur(10px);\r\n\t\t\t\r\n    \t    opacity: 0;\r\n  }\r\n  100% {\r\n            \r\n        \t            filter: blur(0px);\r\n            \r\n    \t\topacity: 1;\r\n  }\r\n}\r\n\r\n\r\n#uc_post_magazine_grid_elementor_108c387 .ue-grid-item{\r\n\topacity:0;\r\n}\r\n\r\n\r\n#uc_post_magazine_grid_elementor_108c387 .uc-entrance-animate {\r\n  opacity:1;\r\n}\r\n\r\n#uc_post_magazine_grid_elementor_108c387 .uc-entrance-animate {\r\n\tanimation: uc_post_magazine_grid_elementor_108c387__item-animation 0.6s cubic-bezier(0.470, 0.000, 0.745, 0.715) both;\r\n}\r\n\r\n\t\t\t\n\n#uc_post_magazine_grid_elementor_108c387 *{\n  box-sizing:border-box;\n}\n\n#uc_post_magazine_grid_elementor_108c387{\n  display: grid;\n  grid-auto-rows: 1fr;\n}\n\n#uc_post_magazine_grid_elementor_108c387 div.ue-grid-item{\n  overflow:hidden;\n  display:flex;\n  position:relative;\n}\n\n#uc_post_magazine_grid_elementor_108c387 .ue-grid-item-intro{\n  position: relative;\n  z-index: 1;\n}\n\n#uc_post_magazine_grid_elementor_108c387 .ue-grid-item-image img{\n  width:100%;\n  display:block;\n}\n\n#uc_post_magazine_grid_elementor_108c387.ue-layout-cover .ue-grid-item-image{\n  position:absolute;\n  top:0;\n  left:0;\n  bottom:0;\n  right:0;\n}\n\n#uc_post_magazine_grid_elementor_108c387.ue-layout-cover .ue-grid-item-image img{\n  height:100%;\n  object-fit: cover;\n}\n\n#uc_post_magazine_grid_elementor_108c387.ue-layout-cover .ue-grid-item-content{\n  position:absolute;\n  width:100%;\n  bottom:0px;\n}\n\n#uc_post_magazine_grid_elementor_108c387 .ue-grid-item-image-overlay{\n  position:absolute;\n  z-index: 1;\n  width:100%;\n  top:0;\n  display:block;\n  bottom:0;\n  height:100%;\n  transition:0.3s;\n}\n\n.ue-grid-item-title a{\n  font-size:21px;\n  font-weight:bold;\n  position: relative;\n  z-index: 1;  \n}\n\n.ue-grid-item-category a{\n  display:inline-block;\n  font-size:10px;\n  text-transform:uppercase;\n  position: relative;\n  z-index: 1; \n}\n\n#uc_post_magazine_grid_elementor_108c387 .uc_more_btn{\n  text-align:center;\n  text-decoration:none;\n  transition:0.3s;\n  position: relative;\n  z-index: 1;\n}\n\n#uc_post_magazine_grid_elementor_108c387 .ue-grid-item-meta-data{\n  display:flex;\n  flex-wrap: wrap;\n}\n\n.ue-grid-item-meta-data{\n  font-size:12px;\n}\n\n#uc_post_magazine_grid_elementor_108c387 .ue-grid-item-meta-data-icon{\n  line-height:1em;\n}\n\n#uc_post_magazine_grid_elementor_108c387 .ue-grid-item-meta-data-icon svg{\n  width:1em;\n  height:1em;\n}\n\n\t#uc_post_magazine_grid_elementor_108c387 .ue-grid-item-category    {\n      position:absolute;\n      top:20px;\n     right:20px;\n      line-height:1em;\n    }\n\n\n#uc_post_magazine_grid_elementor_108c387 .ue-date-calendar{\n     position:absolute;\n     top:0px;\n     left:0px;\n     text-align:center;\n}\n\n@media only screen and (max-width: 900px) {\n  #uc_post_magazine_grid_elementor_108c387 div.ue-grid-item  {\n    grid-column: span 1;\n    grid-row: span 1;\n  }\n  \n  #uc_post_magazine_grid_elementor_108c387  {\n  grid-template-columns: repeat(1, 1fr);\n  }\n}\n\n\n\n<\/style>\n\n<div id=\"uc_post_magazine_grid_elementor_108c387\" class=\"post_magazine_grid ue-layout-cover uc-items-wrapper\" >\n\t\n<div class=\"ue-grid-item\">\n  \n\t<div class=\"ue-grid-item-image\">\n       \n          <img decoding=\"async\" src=\"https:\/\/moldbrothers.com\/wp-content\/uploads\/2026\/02\/MB_TK_19022026-7-768x512.jpg\"  alt=\"MB_TK_19022026-7\" width=\"768\" height=\"512\">  \n      \t\n\t        \n      <a class=\"ue-grid-item-image-overlay\" href='https:\/\/moldbrothers.com\/fr\/nouvelles-inspiration\/des-mini-eclairs-parfaits-dans-un-four-a-convection\/'><\/a>\n    <\/div>\n    <div class=\"ue-grid-item-content\">\n      \n                  \n      <div class=\"ue-grid-item-title\"><a class=\"\" href='https:\/\/moldbrothers.com\/fr\/nouvelles-inspiration\/des-mini-eclairs-parfaits-dans-un-four-a-convection\/'>Des mini-\u00e9clairs parfaits dans un four \u00e0 convection<\/a><\/div>      \n            \n      <div class=\"ue-grid-item-intro\">La cuisson des \u00e9clairs dans un four ventil\u00e9 est souvent \u00e9tiquet\u00e9e...<\/div>      <div class=\"ue-grid-item-button\"><a class=\"uc_more_btn\" href='https:\/\/moldbrothers.com\/fr\/nouvelles-inspiration\/des-mini-eclairs-parfaits-dans-un-four-a-convection\/'>Lees verder<\/a><\/div>    <\/div>\n  \n    \t           \n    <div class=\"ue-grid-item-category\">\n          <\/div>\n    \n    \n    \n<\/div>\n\n<div class=\"ue-grid-item\">\n  \n\t<div class=\"ue-grid-item-image\">\n       \n          <img loading=\"lazy\" decoding=\"async\" src=\"https:\/\/moldbrothers.com\/wp-content\/uploads\/2026\/01\/IMG_5627-768x518.jpeg\"  alt=\"Capture d&#039;\u00e9cran\" width=\"768\" height=\"518\">  \n      \t\n\t        \n      <a class=\"ue-grid-item-image-overlay\" href='https:\/\/moldbrothers.com\/fr\/nouvelles-inspiration\/une-nouvelle-identite\/'><\/a>\n    <\/div>\n    <div class=\"ue-grid-item-content\">\n      \n                  \n      <div class=\"ue-grid-item-title\"><a class=\"\" href='https:\/\/moldbrothers.com\/fr\/nouvelles-inspiration\/une-nouvelle-identite\/'>Une nouvelle identit\u00e9<\/a><\/div>      \n            \n      <div class=\"ue-grid-item-intro\">Au cours des derni\u00e8res ann\u00e9es, MoldBrothers est pass\u00e9 d'une...<\/div>      <div class=\"ue-grid-item-button\"><a class=\"uc_more_btn\" href='https:\/\/moldbrothers.com\/fr\/nouvelles-inspiration\/une-nouvelle-identite\/'>Lees verder<\/a><\/div>    <\/div>\n  \n    \t           \n    <div class=\"ue-grid-item-category\">\n          <\/div>\n    \n    \n    \n<\/div>\n\n<div class=\"ue-grid-item\">\n  \n\t<div class=\"ue-grid-item-image\">\n       \n          <img loading=\"lazy\" decoding=\"async\" src=\"https:\/\/moldbrothers.com\/wp-content\/uploads\/2025\/05\/eatweekguide.com-savage-17-768x512.webp\"  alt=\"guide de la semaine de l&#039;alimentation\" width=\"768\" height=\"512\">  \n      \t\n\t        \n      <a class=\"ue-grid-item-image-overlay\" href='https:\/\/moldbrothers.com\/fr\/nouvelles-inspiration\/torsion-nordique-racines-italiennes\/'><\/a>\n    <\/div>\n    <div class=\"ue-grid-item-content\">\n      \n                  \n      <div class=\"ue-grid-item-title\"><a class=\"\" href='https:\/\/moldbrothers.com\/fr\/nouvelles-inspiration\/torsion-nordique-racines-italiennes\/'>Une touche nordique, des racines italiennes<\/a><\/div>      \n            \n      <div class=\"ue-grid-item-intro\">N\u00e9 et \u00e9lev\u00e9 en Italie, form\u00e9 dans les cuisines du monde entier...<\/div>      <div class=\"ue-grid-item-button\"><a class=\"uc_more_btn\" href='https:\/\/moldbrothers.com\/fr\/nouvelles-inspiration\/torsion-nordique-racines-italiennes\/'>Lees verder<\/a><\/div>    <\/div>\n  \n    \t           \n    <div class=\"ue-grid-item-category\">\n          <\/div>\n    \n    \n    \n<\/div>\n\n<div class=\"ue-grid-item\">\n  \n\t<div class=\"ue-grid-item-image\">\n       \n          <img loading=\"lazy\" decoding=\"async\" src=\"https:\/\/moldbrothers.com\/wp-content\/uploads\/2026\/01\/MoldBrothers-Pastry-Live-scaled-1-768x576.jpg\"  alt=\"MoldBrothers-Pastry-Live-scaled\" width=\"768\" height=\"576\">  \n      \t\n\t        \n      <a class=\"ue-grid-item-image-overlay\" href='https:\/\/moldbrothers.com\/fr\/nouvelles-inspiration\/un-nouveau-depart-plein-de-passion\/'><\/a>\n    <\/div>\n    <div class=\"ue-grid-item-content\">\n      \n                  \n      <div class=\"ue-grid-item-title\"><a class=\"\" href='https:\/\/moldbrothers.com\/fr\/nouvelles-inspiration\/un-nouveau-depart-plein-de-passion\/'>Un nouveau d\u00e9part plein de passion<\/a><\/div>      \n            \n      <div class=\"ue-grid-item-intro\">MoldBrothers est n\u00e9 il y a plus de sept ans de...<\/div>      <div class=\"ue-grid-item-button\"><a class=\"uc_more_btn\" href='https:\/\/moldbrothers.com\/fr\/nouvelles-inspiration\/un-nouveau-depart-plein-de-passion\/'>Lees verder<\/a><\/div>    <\/div>\n  \n    \t           \n    <div class=\"ue-grid-item-category\">\n          <\/div>\n    \n    \n    \n<\/div>\n\n<div class=\"ue-grid-item\">\n  \n\t<div class=\"ue-grid-item-image\">\n       \n          <img loading=\"lazy\" decoding=\"async\" src=\"https:\/\/moldbrothers.com\/wp-content\/uploads\/2026\/02\/IMG_5625-768x614.jpeg\"  alt=\"Tuile r\u00e9aliste \u00e0 l&#039;orange sanguine\" width=\"768\" height=\"614\">  \n      \t\n\t        \n      <a class=\"ue-grid-item-image-overlay\" href='https:\/\/moldbrothers.com\/fr\/nouvelles-inspiration\/comment-le-chef-mike-cornelissen-a-cree-un-croustillant-a-lorange-sanguine-dans-notre-cuisine-dessai\/'><\/a>\n    <\/div>\n    <div class=\"ue-grid-item-content\">\n      \n                  \n      <div class=\"ue-grid-item-title\"><a class=\"\" href='https:\/\/moldbrothers.com\/fr\/nouvelles-inspiration\/comment-le-chef-mike-cornelissen-a-cree-un-croustillant-a-lorange-sanguine-dans-notre-cuisine-dessai\/'>L'histoire de notre moule Tuille r\u00e9aliste aux agrumes<\/a><\/div>      \n            \n      <div class=\"ue-grid-item-intro\">La cuisine d'essai est l'endroit o\u00f9 les id\u00e9es sont test\u00e9es par le biais de .....<\/div>      <div class=\"ue-grid-item-button\"><a class=\"uc_more_btn\" href='https:\/\/moldbrothers.com\/fr\/nouvelles-inspiration\/comment-le-chef-mike-cornelissen-a-cree-un-croustillant-a-lorange-sanguine-dans-notre-cuisine-dessai\/'>Lees verder<\/a><\/div>    <\/div>\n  \n    \t           \n    <div class=\"ue-grid-item-category\">\n          <\/div>\n    \n    \n    \n<\/div>\n\n<\/div>\n\n\n<!-- end Post Magazine Grid -->\t\t\t\t<\/div>\n\t\t\t\t<\/div>\n\t\t\t\t<div class=\"elementor-element elementor-element-9151dd3 elementor-grid-4 elementor-hidden-desktop elementor-hidden-tablet elementor-hidden-mobile elementor-grid-tablet-2 elementor-grid-mobile-1 elementor-widget elementor-widget-loop-grid\" data-id=\"9151dd3\" data-element_type=\"widget\" data-settings=\"{&quot;template_id&quot;:&quot;3348&quot;,&quot;columns&quot;:4,&quot;row_gap&quot;:{&quot;unit&quot;:&quot;px&quot;,&quot;size&quot;:20,&quot;sizes&quot;:[]},&quot;_skin&quot;:&quot;post&quot;,&quot;columns_tablet&quot;:&quot;2&quot;,&quot;columns_mobile&quot;:&quot;1&quot;,&quot;edit_handle_selector&quot;:&quot;[data-elementor-type=\\&quot;loop-item\\&quot;]&quot;,&quot;row_gap_tablet&quot;:{&quot;unit&quot;:&quot;px&quot;,&quot;size&quot;:&quot;&quot;,&quot;sizes&quot;:[]},&quot;row_gap_mobile&quot;:{&quot;unit&quot;:&quot;px&quot;,&quot;size&quot;:&quot;&quot;,&quot;sizes&quot;:[]}}\" data-widget_type=\"loop-grid.post\">\n\t\t\t\t<div class=\"elementor-widget-container\">\n\t\t\t\t\t\t\t<div class=\"e-loop-nothing-found-message\">\n\t\t<\/div>\n\t\t\t\t\t\t<\/div>\n\t\t\t\t<\/div>\n\t\t\t\t\t<\/div>\n\t\t\t\t<\/div>\n\t\t<div class=\"elementor-element elementor-element-71bcad4 e-flex e-con-boxed e-con e-parent\" data-id=\"71bcad4\" data-element_type=\"container\" data-settings=\"{&quot;jet_parallax_layout_list&quot;:[]}\">\n\t\t\t\t\t<div class=\"e-con-inner\">\n\t\t<div class=\"elementor-element elementor-element-ad60b84 e-con-full animated-fast e-flex elementor-invisible e-con e-child\" data-id=\"ad60b84\" data-element_type=\"container\" data-settings=\"{&quot;jet_parallax_layout_list&quot;:[],&quot;animation&quot;:&quot;fadeInUp&quot;}\">\n\t\t<div class=\"elementor-element elementor-element-83229ab e-con-full e-flex e-con e-child\" data-id=\"83229ab\" data-element_type=\"container\" data-settings=\"{&quot;jet_parallax_layout_list&quot;:[]}\">\n\t\t\t\t<div class=\"elementor-element elementor-element-6c40b68 elementor-widget__width-initial elementor-widget elementor-widget-heading\" data-id=\"6c40b68\" data-element_type=\"widget\" data-widget_type=\"heading.default\">\n\t\t\t\t<div class=\"elementor-widget-container\">\n\t\t\t\t\t<h2 class=\"elementor-heading-title elementor-size-default\">Par des chefs, pour des chefs<\/h2>\t\t\t\t<\/div>\n\t\t\t\t<\/div>\n\t\t\t\t<\/div>\n\t\t<div class=\"elementor-element elementor-element-34f38bb e-con-full e-flex e-con e-child\" data-id=\"34f38bb\" data-element_type=\"container\" data-settings=\"{&quot;jet_parallax_layout_list&quot;:[]}\">\n\t\t\t\t<div class=\"elementor-element elementor-element-0bddeaa elementor-widget__width-initial elementor-widget elementor-widget-text-editor\" data-id=\"0bddeaa\" data-element_type=\"widget\" data-widget_type=\"text-editor.default\">\n\t\t\t\t<div class=\"elementor-widget-container\">\n\t\t\t\t\t\t\t\t\t<p>MoldBrothers TestKitchen est dirig\u00e9e par le chef Mike Cornelissen. Chef cuisinier et propri\u00e9taire du restaurant Rijnzicht*. Mike aime exp\u00e9rimenter des techniques novatrices pour offrir ce qu'il y a de mieux. Suivez ses derniers travaux :<\/p>\t\t\t\t\t\t\t\t<\/div>\n\t\t\t\t<\/div>\n\t\t<div class=\"elementor-element elementor-element-a241893 e-con-full e-flex e-con e-child\" data-id=\"a241893\" data-element_type=\"container\" data-settings=\"{&quot;jet_parallax_layout_list&quot;:[]}\">\n\t\t\t\t<div class=\"elementor-element elementor-element-e99e948 elementor-widget elementor-widget-button\" data-id=\"e99e948\" data-element_type=\"widget\" data-widget_type=\"button.default\">\n\t\t\t\t<div class=\"elementor-widget-container\">\n\t\t\t\t\t\t\t\t\t<div class=\"elementor-button-wrapper\">\n\t\t\t\t\t<a class=\"elementor-button elementor-button-link elementor-size-sm\" href=\"https:\/\/www.instagram.com\/moldbrotherstestkitchen\/\" target=\"_blank\" rel=\"noopener\">\n\t\t\t\t\t\t<span class=\"elementor-button-content-wrapper\">\n\t\t\t\t\t\t<span class=\"elementor-button-icon\">\n\t\t\t\t<svg aria-hidden=\"true\" class=\"e-font-icon-svg e-fab-instagram\" viewbox=\"0 0 448 512\" xmlns=\"http:\/\/www.w3.org\/2000\/svg\"><path d=\"M224.1 141c-63.6 0-114.9 51.3-114.9 114.9s51.3 114.9 114.9 114.9S339 319.5 339 255.9 287.7 141 224.1 141zm0 189.6c-41.1 0-74.7-33.5-74.7-74.7s33.5-74.7 74.7-74.7 74.7 33.5 74.7 74.7-33.6 74.7-74.7 74.7zm146.4-194.3c0 14.9-12 26.8-26.8 26.8-14.9 0-26.8-12-26.8-26.8s12-26.8 26.8-26.8 26.8 12 26.8 26.8zm76.1 27.2c-1.7-35.9-9.9-67.7-36.2-93.9-26.2-26.2-58-34.4-93.9-36.2-37-2.1-147.9-2.1-184.9 0-35.8 1.7-67.6 9.9-93.9 36.1s-34.4 58-36.2 93.9c-2.1 37-2.1 147.9 0 184.9 1.7 35.9 9.9 67.7 36.2 93.9s58 34.4 93.9 36.2c37 2.1 147.9 2.1 184.9 0 35.9-1.7 67.7-9.9 93.9-36.2 26.2-26.2 34.4-58 36.2-93.9 2.1-37 2.1-147.8 0-184.8zM398.8 388c-7.8 19.6-22.9 34.7-42.6 42.6-29.5 11.7-99.5 9-132.1 9s-102.7 2.6-132.1-9c-19.6-7.8-34.7-22.9-42.6-42.6-11.7-29.5-9-99.5-9-132.1s-2.6-102.7 9-132.1c7.8-19.6 22.9-34.7 42.6-42.6 29.5-11.7 99.5-9 132.1-9s102.7-2.6 132.1 9c19.6 7.8 34.7 22.9 42.6 42.6 11.7 29.5 9 99.5 9 132.1s2.7 102.7-9 132.1z\"><\/path><\/svg>\t\t\t<\/span>\n\t\t\t\t\t\t\t\t\t<span class=\"elementor-button-text\">cuisine de l'essai des fr\u00e8res moules<\/span>\n\t\t\t\t\t<\/span>\n\t\t\t\t\t<\/a>\n\t\t\t\t<\/div>\n\t\t\t\t\t\t\t\t<\/div>\n\t\t\t\t<\/div>\n\t\t\t\t<\/div>\n\t\t\t\t<\/div>\n\t\t\t\t<\/div>\n\t\t<div class=\"elementor-element elementor-element-f25a257 e-con-full e-flex e-con e-child\" data-id=\"f25a257\" data-element_type=\"container\" data-settings=\"{&quot;jet_parallax_layout_list&quot;:[]}\">\n\t\t\t\t<div class=\"elementor-element elementor-element-2edd9ee elementor-widget elementor-widget-html\" data-id=\"2edd9ee\" data-element_type=\"widget\" data-widget_type=\"html.default\">\n\t\t\t\t<div class=\"elementor-widget-container\">\n\t\t\t\t\t<script src=\"https:\/\/elfsightcdn.com\/platform.js\" async><\/script>\n<div class=\"elfsight-app-b0886378-0043-4a46-a752-aff08bb33c90\" data-elfsight-app-lazy><\/div>\t\t\t\t<\/div>\n\t\t\t\t<\/div>\n\t\t\t\t<\/div>\n\t\t<div class=\"elementor-element elementor-element-844420e e-con-full e-flex e-con e-child\" data-id=\"844420e\" data-element_type=\"container\" data-settings=\"{&quot;jet_parallax_layout_list&quot;:[]}\">\n\t\t\t\t<div class=\"elementor-element elementor-element-affdf40 custom-btn animated-fast elementor-invisible elementor-widget elementor-widget-button\" data-id=\"affdf40\" data-element_type=\"widget\" data-settings=\"{&quot;_animation&quot;:&quot;fadeInUp&quot;}\" data-widget_type=\"button.default\">\n\t\t\t\t<div class=\"elementor-widget-container\">\n\t\t\t\t\t\t\t\t\t<div class=\"elementor-button-wrapper\">\n\t\t\t\t\t<a class=\"elementor-button elementor-button-link elementor-size-sm\" href=\"https:\/\/www.instagram.com\/moldbrothers\/\" target=\"_blank\" rel=\"noopener\">\n\t\t\t\t\t\t<span class=\"elementor-button-content-wrapper\">\n\t\t\t\t\t\t\t\t\t<span class=\"elementor-button-text\">Aller sur Instagram<\/span>\n\t\t\t\t\t<\/span>\n\t\t\t\t\t<\/a>\n\t\t\t\t<\/div>\n\t\t\t\t\t\t\t\t<\/div>\n\t\t\t\t<\/div>\n\t\t\t\t<\/div>\n\t\t\t\t\t<\/div>\n\t\t\t\t<\/div>\n\t\t\t\t<\/div>","protected":false},"excerpt":{"rendered":"<p>Actualit\u00e9s &amp; Inspiration Un nouveau d\u00e9part plein de passion Il y a plus de sept ans, MoldBrothers a commenc\u00e9... Lees verder Par des chefs, pour des chefs MoldBrothers TestKitchen est dirig\u00e9e par le chef Mike Cornelissen. Chef de cuisine et propri\u00e9taire du restaurant Rijnzicht*. Mike aime exp\u00e9rimenter des techniques novatrices pour offrir ce qu'il y a de mieux. Suivez ses derniers travaux : [...]<\/p>","protected":false},"author":1,"featured_media":0,"parent":0,"menu_order":0,"comment_status":"closed","ping_status":"closed","template":"","meta":{"footnotes":""},"class_list":["post-10559","page","type-page","status-publish","hentry"],"_links":{"self":[{"href":"https:\/\/moldbrothers.com\/fr\/wp-json\/wp\/v2\/pages\/10559","targetHints":{"allow":["GET"]}}],"collection":[{"href":"https:\/\/moldbrothers.com\/fr\/wp-json\/wp\/v2\/pages"}],"about":[{"href":"https:\/\/moldbrothers.com\/fr\/wp-json\/wp\/v2\/types\/page"}],"author":[{"embeddable":true,"href":"https:\/\/moldbrothers.com\/fr\/wp-json\/wp\/v2\/users\/1"}],"replies":[{"embeddable":true,"href":"https:\/\/moldbrothers.com\/fr\/wp-json\/wp\/v2\/comments?post=10559"}],"version-history":[{"count":11,"href":"https:\/\/moldbrothers.com\/fr\/wp-json\/wp\/v2\/pages\/10559\/revisions"}],"predecessor-version":[{"id":10580,"href":"https:\/\/moldbrothers.com\/fr\/wp-json\/wp\/v2\/pages\/10559\/revisions\/10580"}],"wp:attachment":[{"href":"https:\/\/moldbrothers.com\/fr\/wp-json\/wp\/v2\/media?parent=10559"}],"curies":[{"name":"wp","href":"https:\/\/api.w.org\/{rel}","templated":true}]}}